{"id":60,"date":"2015-04-15T10:57:41","date_gmt":"2015-04-15T10:57:41","guid":{"rendered":"http:\/\/welfare.cmsmasters.net\/?page_id=60"},"modified":"2025-09-18T20:23:19","modified_gmt":"2025-09-18T20:23:19","slug":"contacts","status":"publish","type":"page","link":"https:\/\/emme.cnai-brad.ro\/index.php\/contacts\/","title":{"rendered":"Contacts"},"content":{"rendered":"<style type=\"text\/css\"> \n#cmsmasters_row_69e616e63430e3_23463732 { \n\tbackground-image: url(https:\/\/emme.cnai-brad.ro\/wp-content\/uploads\/2025\/08\/EMME-Banner-1.jpg); \n\tbackground-position: top center; \n\tbackground-repeat: no-repeat; \n\tbackground-attachment: scroll; \n\tbackground-size: cover; \n} \n\n#cmsmasters_row_69e616e63430e3_23463732 .cmsmasters_row_outer_parent { \n\tpadding-top: 0px; \n} \n\n#cmsmasters_row_69e616e63430e3_23463732 .cmsmasters_row_outer_parent { \n\tpadding-bottom: 0px; \n} \n\n#cmsmasters_row_69e616e63430e3_23463732 .cmsmasters_row_inner.cmsmasters_row_fullwidth { \n\tpadding-left:0%; \n} \n#cmsmasters_row_69e616e63430e3_23463732 .cmsmasters_row_inner.cmsmasters_row_fullwidth { \n\tpadding-right:0%; \n} \n \n#cmsmasters_row_69e616e634d894_47695072 .cmsmasters_row_outer_parent { \n\tpadding-top: 85px; \n} \n\n#cmsmasters_row_69e616e634d894_47695072 .cmsmasters_row_outer_parent { \n\tpadding-bottom: 90px; \n} \n\n \n#cmsmasters_heading_69e616e6358b97_67080970 { \n\ttext-align:left; \n\tmargin-top:0px; \n\tmargin-bottom:20px; \n} \n\n#cmsmasters_heading_69e616e6358b97_67080970 .cmsmasters_heading { \n\ttext-align:left; \n} \n\n#cmsmasters_heading_69e616e6358b97_67080970 .cmsmasters_heading, #cmsmasters_heading_69e616e6358b97_67080970 .cmsmasters_heading a { \n\tfont-family:'Roboto'; \n\tfont-weight:normal; \n\tfont-style:normal; \n\tcolor:rgb(0,168,157);\n} \n\n#cmsmasters_heading_69e616e6358b97_67080970 .cmsmasters_heading_divider { \n} \n\n \n#cmsmasters_row_69e616e635a064_15204661 .cmsmasters_row_outer_parent { \n\tpadding-top: 85px; \n} \n\n#cmsmasters_row_69e616e635a064_15204661 .cmsmasters_row_outer_parent { \n\tpadding-bottom: 90px; \n} \n\n \n#cmsmasters_heading_69e616e6362f05_13521960 { \n\ttext-align:left; \n\tmargin-top:0px; \n\tmargin-bottom:20px; \n} \n\n#cmsmasters_heading_69e616e6362f05_13521960 .cmsmasters_heading { \n\ttext-align:left; \n} \n\n#cmsmasters_heading_69e616e6362f05_13521960 .cmsmasters_heading, #cmsmasters_heading_69e616e6362f05_13521960 .cmsmasters_heading a { \n\tfont-family:'Roboto'; \n\tfont-weight:normal; \n\tfont-style:normal; \n\tcolor:rgb(0,168,157);\n} \n\n#cmsmasters_heading_69e616e6362f05_13521960 .cmsmasters_heading_divider { \n} \n\n \n#cmsmasters_row_69e616e6364499_02588688 .cmsmasters_row_outer_parent { \n\tpadding-top: 85px; \n} \n\n#cmsmasters_row_69e616e6364499_02588688 .cmsmasters_row_outer_parent { \n\tpadding-bottom: 90px; \n} \n\n \n#cmsmasters_heading_69e616e636d145_66038803 { \n\ttext-align:left; \n\tmargin-top:0px; \n\tmargin-bottom:20px; \n} \n\n#cmsmasters_heading_69e616e636d145_66038803 .cmsmasters_heading { \n\ttext-align:left; \n} \n\n#cmsmasters_heading_69e616e636d145_66038803 .cmsmasters_heading, #cmsmasters_heading_69e616e636d145_66038803 .cmsmasters_heading a { \n\tfont-family:'Roboto'; \n\tfont-weight:normal; \n\tfont-style:normal; \n\tcolor:rgb(0,168,157);\n} \n\n#cmsmasters_heading_69e616e636d145_66038803 .cmsmasters_heading_divider { \n} \n\n \n#cmsmasters_row_69e616e636e4e8_81821796 .cmsmasters_row_outer_parent { \n\tpadding-top: 85px; \n} \n\n#cmsmasters_row_69e616e636e4e8_81821796 .cmsmasters_row_outer_parent { \n\tpadding-bottom: 90px; \n} \n\n \n#cmsmasters_heading_69e616e6377439_75732437 { \n\ttext-align:left; \n\tmargin-top:0px; \n\tmargin-bottom:20px; \n} \n\n#cmsmasters_heading_69e616e6377439_75732437 .cmsmasters_heading { \n\ttext-align:left; \n} \n\n#cmsmasters_heading_69e616e6377439_75732437 .cmsmasters_heading, #cmsmasters_heading_69e616e6377439_75732437 .cmsmasters_heading a { \n\tfont-family:'Roboto'; \n\tfont-weight:normal; \n\tfont-style:normal; \n\tcolor:rgb(0,168,157);\n} \n\n#cmsmasters_heading_69e616e6377439_75732437 .cmsmasters_heading_divider { \n} \n\n \n#cmsmasters_row_69e616e63787f1_46542669 .cmsmasters_row_outer_parent { \n\tpadding-top: 85px; \n} \n\n#cmsmasters_row_69e616e63787f1_46542669 .cmsmasters_row_outer_parent { \n\tpadding-bottom: 90px; \n} \n\n \n#cmsmasters_heading_69e616e63814a5_63191146 { \n\ttext-align:left; \n\tmargin-top:0px; \n\tmargin-bottom:20px; \n} \n\n#cmsmasters_heading_69e616e63814a5_63191146 .cmsmasters_heading { \n\ttext-align:left; \n} \n\n#cmsmasters_heading_69e616e63814a5_63191146 .cmsmasters_heading, #cmsmasters_heading_69e616e63814a5_63191146 .cmsmasters_heading a { \n\tfont-family:'Roboto'; \n\tfont-weight:normal; \n\tfont-style:normal; \n\tcolor:rgb(0,168,157);\n} \n\n#cmsmasters_heading_69e616e63814a5_63191146 .cmsmasters_heading_divider { \n} \n\n \n#cmsmasters_row_69e616e6382980_66502337 .cmsmasters_row_outer_parent { \n\tpadding-top: 85px; \n} \n\n#cmsmasters_row_69e616e6382980_66502337 .cmsmasters_row_outer_parent { \n\tpadding-bottom: 90px; \n} \n\n \n#cmsmasters_heading_69e616e638bbb4_14825863 { \n\ttext-align:left; \n\tmargin-top:0px; \n\tmargin-bottom:20px; \n} \n\n#cmsmasters_heading_69e616e638bbb4_14825863 .cmsmasters_heading { \n\ttext-align:left; \n} \n\n#cmsmasters_heading_69e616e638bbb4_14825863 .cmsmasters_heading, #cmsmasters_heading_69e616e638bbb4_14825863 .cmsmasters_heading a { \n\tfont-family:'Roboto'; \n\tfont-weight:normal; \n\tfont-style:normal; \n\tcolor:rgb(0,168,157);\n} \n\n#cmsmasters_heading_69e616e638bbb4_14825863 .cmsmasters_heading_divider { \n} \n\n<\/style><div id=\"cmsmasters_row_69e616e63430e3_23463732\" class=\"cmsmasters_row cmsmasters_color_scheme_default cmsmasters_row_top_default cmsmasters_row_bot_default cmsmasters_row_fullwidth\">\n<div class=\"cmsmasters_row_outer_parent\">\n<div class=\"cmsmasters_row_outer\">\n<div class=\"cmsmasters_row_inner cmsmasters_row_fullwidth\">\n<div class=\"cmsmasters_row_margin\">\n<div class=\"cmsmasters_column one_first\">\n<div class=\"cmsmasters_img  cmsmasters_image_n\">\n<img decoding=\"async\" src=\"https:\/\/emme.cnai-brad.ro\/wp-content\/uploads\/2025\/08\/EMME-Banner-1.jpg\" \/>\n<\/div>\n<\/div>\n<\/div>\n<\/div>\n<\/div>\n<\/div>\n<\/div>\n<div id=\"cmsmasters_row_69e616e634d894_47695072\" class=\"cmsmasters_row cmsmasters_color_scheme_default cmsmasters_row_top_default cmsmasters_row_bot_default cmsmasters_row_boxed\">\n<div class=\"cmsmasters_row_outer_parent\">\n<div class=\"cmsmasters_row_outer\">\n<div class=\"cmsmasters_row_inner\">\n<div class=\"cmsmasters_row_margin\">\n<div class=\"cmsmasters_column one_half\">\n<div class=\"cmsmasters_img  cmsmasters_image_r\">\n<img decoding=\"async\" src=\"https:\/\/emme.cnai-brad.ro\/wp-content\/uploads\/2025\/08\/WhatsApp-Image-2025-07-22-at-12.06.47_4e40063f.jpg\" \/>\n<\/div>\n<\/div>\n<div class=\"cmsmasters_column one_half\">\n\n<div id=\"cmsmasters_heading_69e616e6358b97_67080970\" class=\"cmsmasters_heading_wrap cmsmasters_heading_align_left\">\n\t<h3 class=\"cmsmasters_heading\">Liceul Teoretic \u201eAvram Iancu\u201d Brad<\/h3>\n<\/div><div class=\"cmsmasters_text\">\n<p><img decoding=\"async\" class=\"emoji\" role=\"img\" draggable=\"false\" src=\"https:\/\/s.w.org\/images\/core\/emoji\/16.0.1\/svg\/1f4cd.svg\" alt=\"\ud83d\udccd\" \/>\u00a0Location: Brad, Romania<br \/>\n<img decoding=\"async\" class=\"emoji\" role=\"img\" draggable=\"false\" src=\"https:\/\/s.w.org\/images\/core\/emoji\/16.0.1\/svg\/1f310.svg\" alt=\"\ud83c\udf10\" \/>\u00a0Website:\u00a0<a href=\"http:\/\/www.cnai-brad.ro\/\">www.cnai-brad.ro<\/a><\/p>\n<\/div>\n<\/div>\n<\/div>\n<\/div>\n<\/div>\n<\/div>\n<\/div>\n<div id=\"cmsmasters_row_69e616e635a064_15204661\" class=\"cmsmasters_row cmsmasters_color_scheme_default cmsmasters_row_top_default cmsmasters_row_bot_default cmsmasters_row_boxed\">\n<div class=\"cmsmasters_row_outer_parent\">\n<div class=\"cmsmasters_row_outer\">\n<div class=\"cmsmasters_row_inner\">\n<div class=\"cmsmasters_row_margin\">\n<div class=\"cmsmasters_column one_half\">\n<div class=\"cmsmasters_img  cmsmasters_image_r\">\n<img decoding=\"async\" src=\"https:\/\/emme.cnai-brad.ro\/wp-content\/uploads\/2025\/08\/WhatsApp-Image-2025-07-22-at-12.06.59_00ec4a23.jpg\" \/>\n<\/div>\n<\/div>\n<div class=\"cmsmasters_column one_half\">\n\n<div id=\"cmsmasters_heading_69e616e6362f05_13521960\" class=\"cmsmasters_heading_wrap cmsmasters_heading_align_left\">\n\t<h3 class=\"cmsmasters_heading\">Escola Secund\u00e1ria Jer\u00f3nimo Emiliano de Andrade (ESJEA)<\/h3>\n<\/div><div class=\"cmsmasters_text\">\n<p><img decoding=\"async\" class=\"emoji\" role=\"img\" draggable=\"false\" src=\"https:\/\/s.w.org\/images\/core\/emoji\/16.0.1\/svg\/1f4cd.svg\" alt=\"\ud83d\udccd\" \/>\u00a0Location: Angra do Hero\u00edsmo, Azores, Portugal<br \/>\n<img decoding=\"async\" class=\"emoji\" role=\"img\" draggable=\"false\" src=\"https:\/\/s.w.org\/images\/core\/emoji\/16.0.1\/svg\/1f310.svg\" alt=\"\ud83c\udf10\" \/>\u00a0Website:\u00a0<a href=\"http:\/\/www.esjea.edu.azores.gov.pt\/\">www.esjea.edu.azores.gov.pt<\/a><\/p>\n<\/div>\n<\/div>\n<\/div>\n<\/div>\n<\/div>\n<\/div>\n<\/div>\n<div id=\"cmsmasters_row_69e616e6364499_02588688\" class=\"cmsmasters_row cmsmasters_color_scheme_default cmsmasters_row_top_default cmsmasters_row_bot_default cmsmasters_row_boxed\">\n<div class=\"cmsmasters_row_outer_parent\">\n<div class=\"cmsmasters_row_outer\">\n<div class=\"cmsmasters_row_inner\">\n<div class=\"cmsmasters_row_margin\">\n<div class=\"cmsmasters_column one_half\">\n<div class=\"cmsmasters_img  cmsmasters_image_r\">\n<img decoding=\"async\" src=\"https:\/\/emme.cnai-brad.ro\/wp-content\/uploads\/2025\/08\/WhatsApp-Image-2025-07-22-at-12.07.11_3543097a.jpg\" \/>\n<\/div>\n<\/div>\n<div class=\"cmsmasters_column one_half\">\n\n<div id=\"cmsmasters_heading_69e616e636d145_66038803\" class=\"cmsmasters_heading_wrap cmsmasters_heading_align_left\">\n\t<h3 class=\"cmsmasters_heading\">University of Bucharest \u2013 UNESCO \u021aara Ha\u021begului Geopark<\/h3>\n<\/div><div class=\"cmsmasters_text\">\n<p><img decoding=\"async\" class=\"emoji\" role=\"img\" draggable=\"false\" src=\"https:\/\/s.w.org\/images\/core\/emoji\/16.0.1\/svg\/1f4cd.svg\" alt=\"\ud83d\udccd\" \/>\u00a0Location: Hunedoara County, Romania<br \/>\n<img decoding=\"async\" class=\"emoji\" role=\"img\" draggable=\"false\" src=\"https:\/\/s.w.org\/images\/core\/emoji\/16.0.1\/svg\/1f310.svg\" alt=\"\ud83c\udf10\" \/>\u00a0Website:\u00a0<a href=\"http:\/\/www.unibuc.ro\/\">www.unibuc.ro<\/a>\u00a0\/\u00a0<a href=\"http:\/\/www.hateggeoparc.ro\/\">www.hateggeoparc.ro<\/a><\/p>\n<\/div>\n<\/div>\n<\/div>\n<\/div>\n<\/div>\n<\/div>\n<\/div>\n<div id=\"cmsmasters_row_69e616e636e4e8_81821796\" class=\"cmsmasters_row cmsmasters_color_scheme_default cmsmasters_row_top_default cmsmasters_row_bot_default cmsmasters_row_boxed\">\n<div class=\"cmsmasters_row_outer_parent\">\n<div class=\"cmsmasters_row_outer\">\n<div class=\"cmsmasters_row_inner\">\n<div class=\"cmsmasters_row_margin\">\n<div class=\"cmsmasters_column one_half\">\n<div class=\"cmsmasters_img  cmsmasters_image_r\">\n<img decoding=\"async\" src=\"https:\/\/emme.cnai-brad.ro\/wp-content\/uploads\/2025\/08\/WhatsApp-Image-2025-07-22-at-12.07.27_990ff970.jpg\" \/>\n<\/div>\n<\/div>\n<div class=\"cmsmasters_column one_half\">\n\n<div id=\"cmsmasters_heading_69e616e6377439_75732437\" class=\"cmsmasters_heading_wrap cmsmasters_heading_align_left\">\n\t<h3 class=\"cmsmasters_heading\">GeoA\u00e7ores \u2013 Associa\u00e7\u00e3o Geoparque A\u00e7ores<\/h3>\n<\/div><div class=\"cmsmasters_text\">\n<p><img decoding=\"async\" class=\"emoji\" role=\"img\" draggable=\"false\" src=\"https:\/\/s.w.org\/images\/core\/emoji\/16.0.1\/svg\/1f4cd.svg\" alt=\"\ud83d\udccd\" \/>\u00a0Location: Azores Islands, Portugal<br \/>\n<img decoding=\"async\" class=\"emoji\" role=\"img\" draggable=\"false\" src=\"https:\/\/s.w.org\/images\/core\/emoji\/16.0.1\/svg\/1f310.svg\" alt=\"\ud83c\udf10\" \/>\u00a0Website:\u00a0<a href=\"http:\/\/www.azoresgeopark.com\/\">www.azoresgeopark.com<\/a><\/p>\n<\/div>\n<\/div>\n<\/div>\n<\/div>\n<\/div>\n<\/div>\n<\/div>\n<div id=\"cmsmasters_row_69e616e63787f1_46542669\" class=\"cmsmasters_row cmsmasters_color_scheme_default cmsmasters_row_top_default cmsmasters_row_bot_default cmsmasters_row_boxed\">\n<div class=\"cmsmasters_row_outer_parent\">\n<div class=\"cmsmasters_row_outer\">\n<div class=\"cmsmasters_row_inner\">\n<div class=\"cmsmasters_row_margin\">\n<div class=\"cmsmasters_column one_half\">\n<div class=\"cmsmasters_img  cmsmasters_image_r\">\n<img decoding=\"async\" src=\"https:\/\/emme.cnai-brad.ro\/wp-content\/uploads\/2025\/08\/WhatsApp-Image-2025-07-22-at-12.07.39_7b648aab.jpg\" \/>\n<\/div>\n<\/div>\n<div class=\"cmsmasters_column one_half\">\n\n<div id=\"cmsmasters_heading_69e616e63814a5_63191146\" class=\"cmsmasters_heading_wrap cmsmasters_heading_align_left\">\n\t<h3 class=\"cmsmasters_heading\">Z\u00e1kladn\u00e1 \u0161kola Hutn\u00edcka 16, Spi\u0161sk\u00e1 Nov\u00e1 Ves<\/h3>\n<\/div><div class=\"cmsmasters_text\">\n<p><img decoding=\"async\" class=\"emoji\" role=\"img\" draggable=\"false\" src=\"https:\/\/s.w.org\/images\/core\/emoji\/16.0.1\/svg\/1f4cd.svg\" alt=\"\ud83d\udccd\" \/>\u00a0Location: Spi\u0161sk\u00e1 Nov\u00e1 Ves, Slovakia<br \/>\n<img decoding=\"async\" class=\"emoji\" role=\"img\" draggable=\"false\" src=\"https:\/\/s.w.org\/images\/core\/emoji\/16.0.1\/svg\/1f310.svg\" alt=\"\ud83c\udf10\" \/>\u00a0Website:\u00a0<a href=\"http:\/\/www.zshutnickasnv.sk\/\">www.zshutnickasnv.sk<\/a><\/p>\n<\/div>\n<\/div>\n<\/div>\n<\/div>\n<\/div>\n<\/div>\n<\/div>\n<div id=\"cmsmasters_row_69e616e6382980_66502337\" class=\"cmsmasters_row cmsmasters_color_scheme_default cmsmasters_row_top_default cmsmasters_row_bot_default cmsmasters_row_boxed\">\n<div class=\"cmsmasters_row_outer_parent\">\n<div class=\"cmsmasters_row_outer\">\n<div class=\"cmsmasters_row_inner\">\n<div class=\"cmsmasters_row_margin\">\n<div class=\"cmsmasters_column one_half\">\n<div class=\"cmsmasters_img  cmsmasters_image_r\">\n<img decoding=\"async\" src=\"https:\/\/emme.cnai-brad.ro\/wp-content\/uploads\/2025\/08\/WhatsApp-Image-2025-07-22-at-12.07.51_245cf998.jpg\" \/>\n<\/div>\n<\/div>\n<div class=\"cmsmasters_column one_half\">\n\n<div id=\"cmsmasters_heading_69e616e638bbb4_14825863\" class=\"cmsmasters_heading_wrap cmsmasters_heading_align_left\">\n\t<h3 class=\"cmsmasters_heading\">Osnovna \u0161kola Pantov\u010dak<\/h3>\n<\/div><div class=\"cmsmasters_text\">\n<p><img decoding=\"async\" class=\"emoji\" role=\"img\" draggable=\"false\" src=\"https:\/\/s.w.org\/images\/core\/emoji\/16.0.1\/svg\/1f4cd.svg\" alt=\"\ud83d\udccd\" \/>\u00a0Location: Zagreb, Croatia<br \/>\n<img decoding=\"async\" class=\"emoji\" role=\"img\" draggable=\"false\" src=\"https:\/\/s.w.org\/images\/core\/emoji\/16.0.1\/svg\/1f310.svg\" alt=\"\ud83c\udf10\" \/>\u00a0Website:\u00a0<a href=\"http:\/\/www.os-pantovcak-zg.skole.hr\/\">www.os-pantovcak-zg.skole.hr<\/a><\/p>\n<\/div>\n<\/div>\n<\/div>\n<\/div>\n<\/div>\n<\/div>\n<\/div>\n\n","protected":false},"excerpt":{"rendered":"","protected":false},"author":1,"featured_media":0,"parent":0,"menu_order":0,"comment_status":"closed","ping_status":"closed","template":"","meta":{"footnotes":""},"class_list":["post-60","page","type-page","status-publish","hentry"],"_links":{"self":[{"href":"https:\/\/emme.cnai-brad.ro\/index.php\/wp-json\/wp\/v2\/pages\/60","targetHints":{"allow":["GET"]}}],"collection":[{"href":"https:\/\/emme.cnai-brad.ro\/index.php\/wp-json\/wp\/v2\/pages"}],"about":[{"href":"https:\/\/emme.cnai-brad.ro\/index.php\/wp-json\/wp\/v2\/types\/page"}],"author":[{"embeddable":true,"href":"https:\/\/emme.cnai-brad.ro\/index.php\/wp-json\/wp\/v2\/users\/1"}],"replies":[{"embeddable":true,"href":"https:\/\/emme.cnai-brad.ro\/index.php\/wp-json\/wp\/v2\/comments?post=60"}],"version-history":[{"count":3,"href":"https:\/\/emme.cnai-brad.ro\/index.php\/wp-json\/wp\/v2\/pages\/60\/revisions"}],"predecessor-version":[{"id":13628,"href":"https:\/\/emme.cnai-brad.ro\/index.php\/wp-json\/wp\/v2\/pages\/60\/revisions\/13628"}],"wp:attachment":[{"href":"https:\/\/emme.cnai-brad.ro\/index.php\/wp-json\/wp\/v2\/media?parent=60"}],"curies":[{"name":"wp","href":"https:\/\/api.w.org\/{rel}","templated":true}]}}